{"id":1750,"date":"2025-09-09T14:33:24","date_gmt":"2025-09-09T12:33:24","guid":{"rendered":"https:\/\/becker-dichtung.de\/?page_id=1750"},"modified":"2026-03-03T13:54:13","modified_gmt":"2026-03-03T12:54:13","slug":"sauberraum","status":"publish","type":"page","link":"https:\/\/becker-dichtung.de\/nl\/sauberraum\/","title":{"rendered":"Technische Reinigung"},"content":{"rendered":"<main id=\"content\" role=\"main\"><div data-elementor-type=\"wp-page\" data-elementor-id=\"1750\" class=\"elementor elementor-1750\" data-elementor-post-type=\"page\">\n\t\t\t\t<div class=\"elementor-element elementor-element-e067a4d e-flex e-con-boxed e-con e-parent\" data-id=\"e067a4d\" data-element_type=\"container\" data-e-type=\"container\" data-settings='{\"background_background\":\"classic\"}'>\n\t\t\t\t\t<div class=\"e-con-inner\">\n\t\t<div class=\"elementor-element elementor-element-3637ae4 e-con-full e-flex e-con e-child\" data-id=\"3637ae4\" data-element_type=\"container\" data-e-type=\"container\">\n\t\t\t\t<div class=\"elementor-element elementor-element-c30d185 elementor-widget__width-inherit elementor-invisible elementor-widget elementor-widget-image\" data-id=\"c30d185\" data-element_type=\"widget\" data-e-type=\"widget\" data-settings='{\"_animation\":\"fadeInRight\",\"_animation_delay\":600}' data-widget_type=\"image.default\">\n\t\t\t\t<div class=\"elementor-widget-container\">\n\t\t\t\t\t\t\t\t\t\t\t\t\t\t\t<img fetchpriority=\"high\" decoding=\"async\" width=\"800\" height=\"534\" src=\"https:\/\/becker-dichtung.de\/wp-content\/uploads\/2025\/07\/Sauberraum-1024x683.jpg\" class=\"attachment-large size-large wp-image-1386\" alt=\"Person in protective suit cleaning a large round metal table in a laboratory or cleanroom setting.\" srcset=\"https:\/\/becker-dichtung.de\/wp-content\/uploads\/2025\/07\/Sauberraum-1024x683.jpg 1024w, https:\/\/becker-dichtung.de\/wp-content\/uploads\/2025\/07\/Sauberraum-300x200.jpg 300w, https:\/\/becker-dichtung.de\/wp-content\/uploads\/2025\/07\/Sauberraum-768x512.jpg 768w, https:\/\/becker-dichtung.de\/wp-content\/uploads\/2025\/07\/Sauberraum-1536x1024.jpg 1536w, https:\/\/becker-dichtung.de\/wp-content\/uploads\/2025\/07\/Sauberraum-2048x1366.jpg 2048w\" sizes=\"(max-width: 800px) 100vw, 800px\">\t\t\t\t\t\t\t\t\t\t\t\t\t\t\t<\/div>\n\t\t\t\t<\/div>\n\t\t\t\t<\/div>\n\t\t\t\t\t<\/div>\n\t\t\t\t<\/div>\n\t\t<div class=\"elementor-element elementor-element-99068de e-flex e-con-boxed e-con e-parent\" data-id=\"99068de\" data-element_type=\"container\" data-e-type=\"container\">\n\t\t\t\t\t<div class=\"e-con-inner\">\n\t\t<div class=\"elementor-element elementor-element-5a9f5f3 e-con-full dropshadow-sm e-transform e-flex elementor-invisible e-con e-child\" data-id=\"5a9f5f3\" data-element_type=\"container\" data-e-type=\"container\" data-settings='{\"background_background\":\"classic\",\"_transform_translateY_effect\":{\"unit\":\"%\",\"size\":-50,\"sizes\":[]},\"_transform_translateY_effect_tablet\":{\"unit\":\"%\",\"size\":\"\",\"sizes\":[]},\"_transform_translateY_effect_mobile\":{\"unit\":\"%\",\"size\":-15,\"sizes\":[]},\"animation\":\"fadeIn\",\"animation_delay\":1000,\"_transform_translateX_effect\":{\"unit\":\"px\",\"size\":\"\",\"sizes\":[]},\"_transform_translateX_effect_tablet\":{\"unit\":\"px\",\"size\":\"\",\"sizes\":[]},\"_transform_translateX_effect_mobile\":{\"unit\":\"px\",\"size\":\"\",\"sizes\":[]}}'>\n\t\t\t\t<div class=\"elementor-element elementor-element-ffce3ab elementor-widget elementor-widget-heading\" data-id=\"ffce3ab\" data-element_type=\"widget\" data-e-type=\"widget\" data-widget_type=\"heading.default\">\n\t\t\t\t<div class=\"elementor-widget-container\">\n\t\t\t\t\t<h2 class=\"elementor-heading-title elementor-size-default\">Technische Reinigung durch Sauberraum<\/h2>\t\t\t\t<\/div>\n\t\t\t\t<\/div>\n\t\t\t\t<\/div>\n\t\t<div class=\"elementor-element elementor-element-1e10474 e-con-full e-grid e-con e-child\" data-id=\"1e10474\" data-element_type=\"container\" data-e-type=\"container\">\n\t\t\t\t<div class=\"elementor-element elementor-element-f40406a elementor-hidden-tablet elementor-hidden-mobile elementor-invisible elementor-widget elementor-widget-image\" data-id=\"f40406a\" data-element_type=\"widget\" data-e-type=\"widget\" data-settings='{\"_animation\":\"zoomIn\"}' data-widget_type=\"image.default\">\n\t\t\t\t<div class=\"elementor-widget-container\">\n\t\t\t\t\t\t\t\t\t\t\t\t\t\t\t<img decoding=\"async\" width=\"2500\" height=\"1667\" src=\"https:\/\/becker-dichtung.de\/wp-content\/uploads\/2025\/07\/Sauberraum_3.jpg\" class=\"attachment-full size-full wp-image-1377\" alt=\"Person in protective suit and gloves cleaning a round metal table in a laboratory or sterile environment.\" srcset=\"https:\/\/becker-dichtung.de\/wp-content\/uploads\/2025\/07\/Sauberraum_3.jpg 2500w, https:\/\/becker-dichtung.de\/wp-content\/uploads\/2025\/07\/Sauberraum_3-300x200.jpg 300w, https:\/\/becker-dichtung.de\/wp-content\/uploads\/2025\/07\/Sauberraum_3-1024x683.jpg 1024w, https:\/\/becker-dichtung.de\/wp-content\/uploads\/2025\/07\/Sauberraum_3-768x512.jpg 768w, https:\/\/becker-dichtung.de\/wp-content\/uploads\/2025\/07\/Sauberraum_3-1536x1024.jpg 1536w, https:\/\/becker-dichtung.de\/wp-content\/uploads\/2025\/07\/Sauberraum_3-2048x1366.jpg 2048w\" sizes=\"(max-width: 2500px) 100vw, 2500px\">\t\t\t\t\t\t\t\t\t\t\t\t\t\t\t<\/div>\n\t\t\t\t<\/div>\n\t\t<div class=\"elementor-element elementor-element-3bdf139 e-con-full dropshadow-sm e-flex elementor-invisible e-con e-child\" data-id=\"3bdf139\" data-element_type=\"container\" data-e-type=\"container\" data-settings='{\"background_background\":\"classic\",\"motion_fx_motion_fx_mouse\":\"yes\",\"motion_fx_mouseTrack_effect\":\"yes\",\"motion_fx_mouseTrack_direction\":\"negative\",\"motion_fx_mouseTrack_speed\":{\"unit\":\"px\",\"size\":-0.2,\"sizes\":[]},\"animation\":\"fadeIn\"}'>\n\t\t\t\t<div class=\"elementor-element elementor-element-a183fa3 elementor-widget elementor-widget-text-editor\" data-id=\"a183fa3\" data-element_type=\"widget\" data-e-type=\"widget\" data-widget_type=\"text-editor.default\">\n\t\t\t\t<div class=\"elementor-widget-container\">\n\t\t\t\t\t\t\t\t\t<p>Bei der Herstellung von Dichtungen entstehen h&auml;ufig kleinste Verunreinigungen durch Abrasionen w&auml;hrend des Verarbeitungsprozesses, sowie durch Luft- und Umgebungseinfl&uuml;ssen. Bei spezifischen Anforderungen an das Endprodukt ist jedoch eine hohe Sauberkeit an der Produktqualit&auml;t ausschlaggebend. Schon kleinste Verunreinigungen k&ouml;nnen zu Sch&auml;den an den Erzeugnissen und zu einem hohen Ausschuss f&uuml;hren. Um dieses Risiko bestm&ouml;glich zu reduzieren werden Sauberr&auml;ume eingesetzt.<\/p>\t\t\t\t\t\t\t\t<\/div>\n\t\t\t\t<\/div>\n\t\t\t\t<\/div>\n\t\t<div class=\"elementor-element elementor-element-4f95c78 e-con-full dropshadow-sm e-flex elementor-invisible e-con e-child\" data-id=\"4f95c78\" data-element_type=\"container\" data-e-type=\"container\" data-settings='{\"background_background\":\"classic\",\"motion_fx_motion_fx_mouse\":\"yes\",\"motion_fx_mouseTrack_effect\":\"yes\",\"motion_fx_mouseTrack_direction\":\"negative\",\"motion_fx_mouseTrack_speed\":{\"unit\":\"px\",\"size\":-0.2,\"sizes\":[]},\"animation\":\"fadeIn\"}'>\n\t\t\t\t<div class=\"elementor-element elementor-element-2a725b7 elementor-widget elementor-widget-text-editor\" data-id=\"2a725b7\" data-element_type=\"widget\" data-e-type=\"widget\" data-widget_type=\"text-editor.default\">\n\t\t\t\t<div class=\"elementor-widget-container\">\n\t\t\t\t\t\t\t\t\t<p>Als Sauberraum wird eine kontrollierte Produktionsumgebung bezeichnet, in der Verunreinigungen vermieden und die Sauberkeit &uuml;berwacht wird. Der Zweck von Sauberr&auml;umen besteht darin, empfindliche Komponenten und Bauteile in der industriellen Fertigung vor Qualit&auml;tsverlust durch Staub und Schmutz zu sch&uuml;tzen. Um auch Ihre sensiblen Arbeitsbereiche bestm&ouml;glich vor kritische Partikelverunreinigungen an empfindlichen Stellen vermeiden zu k&ouml;nnen, haben wir ebenfalls einen Sauberraum installiert und dazu einen Prozess zur Erreichung und Beibehaltung der technischen Sauberkeit entwickelt.<\/p>\t\t\t\t\t\t\t\t<\/div>\n\t\t\t\t<\/div>\n\t\t\t\t<\/div>\n\t\t\t\t<div class=\"elementor-element elementor-element-55cb2d7 elementor-hidden-tablet elementor-hidden-mobile elementor-invisible elementor-widget elementor-widget-image\" data-id=\"55cb2d7\" data-element_type=\"widget\" data-e-type=\"widget\" data-settings='{\"_animation\":\"zoomIn\"}' data-widget_type=\"image.default\">\n\t\t\t\t<div class=\"elementor-widget-container\">\n\t\t\t\t\t\t\t\t\t\t\t\t\t\t\t<img decoding=\"async\" width=\"2500\" height=\"1667\" src=\"https:\/\/becker-dichtung.de\/wp-content\/uploads\/2025\/07\/Sauberraum_7.jpg\" class=\"attachment-full size-full wp-image-1381\" alt=\"Gloved hands wiping a surface under blue light, suggesting cleaning or forensic inspection.\" srcset=\"https:\/\/becker-dichtung.de\/wp-content\/uploads\/2025\/07\/Sauberraum_7.jpg 2500w, https:\/\/becker-dichtung.de\/wp-content\/uploads\/2025\/07\/Sauberraum_7-300x200.jpg 300w, https:\/\/becker-dichtung.de\/wp-content\/uploads\/2025\/07\/Sauberraum_7-1024x683.jpg 1024w, https:\/\/becker-dichtung.de\/wp-content\/uploads\/2025\/07\/Sauberraum_7-768x512.jpg 768w, https:\/\/becker-dichtung.de\/wp-content\/uploads\/2025\/07\/Sauberraum_7-1536x1024.jpg 1536w, https:\/\/becker-dichtung.de\/wp-content\/uploads\/2025\/07\/Sauberraum_7-2048x1366.jpg 2048w\" sizes=\"(max-width: 2500px) 100vw, 2500px\">\t\t\t\t\t\t\t\t\t\t\t\t\t\t\t<\/div>\n\t\t\t\t<\/div>\n\t\t\t\t<div class=\"elementor-element elementor-element-24cdf9d elementor-hidden-tablet elementor-hidden-mobile elementor-invisible elementor-widget elementor-widget-image\" data-id=\"24cdf9d\" data-element_type=\"widget\" data-e-type=\"widget\" data-settings='{\"_animation\":\"zoomIn\"}' data-widget_type=\"image.default\">\n\t\t\t\t<div class=\"elementor-widget-container\">\n\t\t\t\t\t\t\t\t\t\t\t\t\t\t\t<img loading=\"lazy\" decoding=\"async\" width=\"2500\" height=\"1667\" src=\"https:\/\/becker-dichtung.de\/wp-content\/uploads\/2025\/07\/Sauberraum_11.jpg\" class=\"attachment-full size-full wp-image-1385\" alt=\"A person in protective gear examines evidence under a blue UV light in a dark room.\" srcset=\"https:\/\/becker-dichtung.de\/wp-content\/uploads\/2025\/07\/Sauberraum_11.jpg 2500w, https:\/\/becker-dichtung.de\/wp-content\/uploads\/2025\/07\/Sauberraum_11-300x200.jpg 300w, https:\/\/becker-dichtung.de\/wp-content\/uploads\/2025\/07\/Sauberraum_11-1024x683.jpg 1024w, https:\/\/becker-dichtung.de\/wp-content\/uploads\/2025\/07\/Sauberraum_11-768x512.jpg 768w, https:\/\/becker-dichtung.de\/wp-content\/uploads\/2025\/07\/Sauberraum_11-1536x1024.jpg 1536w, https:\/\/becker-dichtung.de\/wp-content\/uploads\/2025\/07\/Sauberraum_11-2048x1366.jpg 2048w\" sizes=\"(max-width: 2500px) 100vw, 2500px\">\t\t\t\t\t\t\t\t\t\t\t\t\t\t\t<\/div>\n\t\t\t\t<\/div>\n\t\t<div class=\"elementor-element elementor-element-8f23437 e-con-full dropshadow-sm e-flex elementor-invisible e-con e-child\" data-id=\"8f23437\" data-element_type=\"container\" data-e-type=\"container\" data-settings='{\"background_background\":\"classic\",\"motion_fx_motion_fx_mouse\":\"yes\",\"motion_fx_mouseTrack_effect\":\"yes\",\"motion_fx_mouseTrack_direction\":\"negative\",\"motion_fx_mouseTrack_speed\":{\"unit\":\"px\",\"size\":-0.2,\"sizes\":[]},\"animation\":\"fadeIn\"}'>\n\t\t\t\t<div class=\"elementor-element elementor-element-233a048 elementor-widget elementor-widget-text-editor\" data-id=\"233a048\" data-element_type=\"widget\" data-e-type=\"widget\" data-widget_type=\"text-editor.default\">\n\t\t\t\t<div class=\"elementor-widget-container\">\n\t\t\t\t\t\t\t\t\t<p>An der Einrichtung des Sauberraumes und bei der Durchf&uuml;hrung der technischen Reinigung haben wir uns an dem Leitfaden &bdquo;VDA 19.2 &ndash; Technische Sauberkeit in der Montage&ldquo; orientiert, welcher im Jahr 2010 durch den Verband der Automobilinstustrie publiziert wurde. Damit erf&uuml;llen wir gem&auml;&szlig; diesem Leitfaden die Klassifizierung der Sauberkeitsstufe 2 und k&ouml;nnen Ihnen somit Leistungen rund um den Reinigungsservice oder sogar einen &bdquo;Oxygen Service&ldquo; sauerstoffspezifischen Anwendungen anbieten.<\/p>\t\t\t\t\t\t\t\t<\/div>\n\t\t\t\t<\/div>\n\t\t\t\t<\/div>\n\t\t\t\t<\/div>\n\t\t\t\t\t<\/div>\n\t\t\t\t<\/div>\n\t\t<div class=\"elementor-element elementor-element-4582377 e-flex e-con-boxed e-con e-parent\" data-id=\"4582377\" data-element_type=\"container\" data-e-type=\"container\">\n\t\t\t\t\t<div class=\"e-con-inner\">\n\t\t\t\t<div class=\"elementor-element elementor-element-43276d8 elementor-widget__width-inherit elementor-pagination-position-outside elementor-widget elementor-widget-image-carousel\" data-id=\"43276d8\" data-element_type=\"widget\" data-e-type=\"widget\" data-settings='{\"slides_to_show\":\"3\",\"navigation\":\"dots\",\"image_spacing_custom\":{\"unit\":\"px\",\"size\":30,\"sizes\":[]},\"autoplay\":\"yes\",\"pause_on_hover\":\"yes\",\"pause_on_interaction\":\"yes\",\"autoplay_speed\":5000,\"infinite\":\"yes\",\"speed\":500,\"image_spacing_custom_tablet\":{\"unit\":\"px\",\"size\":\"\",\"sizes\":[]},\"image_spacing_custom_mobile\":{\"unit\":\"px\",\"size\":\"\",\"sizes\":[]}}' data-widget_type=\"image-carousel.default\">\n\t\t\t\t<div class=\"elementor-widget-container\">\n\t\t\t\t\t\t\t<div class=\"elementor-image-carousel-wrapper swiper\" role=\"region\" aria-roledescription=\"carousel\" aria-label=\"Bilderkarussell\" dir=\"ltr\">\n\t\t\t<div class=\"elementor-image-carousel swiper-wrapper\" aria-live=\"off\">\n\t\t\t\t\t\t\t\t<div class=\"swiper-slide\" role=\"group\" aria-roledescription=\"slide\" aria-label=\"1 von 6\"><figure class=\"swiper-slide-inner\"><img decoding=\"async\" class=\"swiper-slide-image\" src=\"https:\/\/becker-dichtung.de\/wp-content\/uploads\/2025\/07\/Sauberraum_10-1024x683.jpg\" alt=\"Person in gloves examines evidence under blue forensic light in a dark room.\"><\/figure><\/div><div class=\"swiper-slide\" role=\"group\" aria-roledescription=\"slide\" aria-label=\"2 von 6\"><figure class=\"swiper-slide-inner\"><img decoding=\"async\" class=\"swiper-slide-image\" src=\"https:\/\/becker-dichtung.de\/wp-content\/uploads\/2025\/07\/Sauberraum_5-1024x683.jpg\" alt=\"A gloved hand holds a circular object under blue and purple lighting.\"><\/figure><\/div><div class=\"swiper-slide\" role=\"group\" aria-roledescription=\"slide\" aria-label=\"3 von 6\"><figure class=\"swiper-slide-inner\"><img decoding=\"async\" class=\"swiper-slide-image\" src=\"https:\/\/becker-dichtung.de\/wp-content\/uploads\/2025\/07\/Sauberraum_6-1024x683.jpg\" alt=\"A gloved hand holds a circular object with markings, illuminated by blue and purple light.\"><\/figure><\/div><div class=\"swiper-slide\" role=\"group\" aria-roledescription=\"slide\" aria-label=\"4 von 6\"><figure class=\"swiper-slide-inner\"><img decoding=\"async\" class=\"swiper-slide-image\" src=\"https:\/\/becker-dichtung.de\/wp-content\/uploads\/2025\/07\/Sauberraum_8-1024x683.jpg\" alt=\"Person in gloves and protective suit handling material under blue light from a bright LED panel.\"><\/figure><\/div><div class=\"swiper-slide\" role=\"group\" aria-roledescription=\"slide\" aria-label=\"5 von 6\"><figure class=\"swiper-slide-inner\"><img decoding=\"async\" class=\"swiper-slide-image\" src=\"https:\/\/becker-dichtung.de\/wp-content\/uploads\/2025\/07\/Sauberraum_9-1024x683.jpg\" alt=\"A person in gloves holds tape under a bright blue UV light, illuminating a smooth surface.\"><\/figure><\/div><div class=\"swiper-slide\" role=\"group\" aria-roledescription=\"slide\" aria-label=\"6 von 6\"><figure class=\"swiper-slide-inner\"><img decoding=\"async\" class=\"swiper-slide-image\" src=\"https:\/\/becker-dichtung.de\/wp-content\/uploads\/2025\/07\/Sauberraum_4-1024x683.jpg\" alt=\"Gloved hands inspect a face mask under a blue sterilizing UV light.\"><\/figure><\/div>\t\t\t<\/div>\n\t\t\t\t\t\t\t\n\t\t\t\t\t\t\t\t\t<div class=\"swiper-pagination\"><\/div>\n\t\t\t\t\t\t\t\t\t<\/div>\n\t\t\t\t\t\t<\/div>\n\t\t\t\t<\/div>\n\t\t\t\t\t<\/div>\n\t\t\t\t<\/div>\n\t\t<div class=\"elementor-element elementor-element-7385e7d e-flex e-con-boxed e-con e-child\" data-id=\"7385e7d\" data-element_type=\"container\" data-e-type=\"container\" data-settings='{\"background_background\":\"classic\"}'>\n\t\t\t\t\t<div class=\"e-con-inner\">\n\t\t<div class=\"elementor-element elementor-element-0caea58 e-con-full e-flex elementor-invisible e-con e-child\" data-id=\"0caea58\" data-element_type=\"container\" data-e-type=\"container\" data-settings='{\"animation\":\"fadeIn\"}'>\n\t\t\t\t<div class=\"elementor-element elementor-element-c2d37e8 elementor-position-inline-start elementor-view-default elementor-mobile-position-block-start elementor-widget elementor-widget-icon-box\" data-id=\"c2d37e8\" data-element_type=\"widget\" data-e-type=\"widget\" data-widget_type=\"icon-box.default\">\n\t\t\t\t<div class=\"elementor-widget-container\">\n\t\t\t\t\t\t\t<div class=\"elementor-icon-box-wrapper\">\n\n\t\t\t\t\t\t<div class=\"elementor-icon-box-icon\">\n\t\t\t\t<span class=\"elementor-icon\">\n\t\t\t\t<svg xmlns=\"http:\/\/www.w3.org\/2000\/svg\" width=\"34\" height=\"34\" viewbox=\"0 0 34 34\" fill=\"none\"><circle cx=\"17\" cy=\"17\" r=\"16\" stroke=\"#F5D700\" stroke-width=\"2\"><\/circle><path d=\"M24.2852 10.9707L24.3115 10.9912C24.333 11.0157 24.3385 11.0484 24.3281 11.0771L24.3125 11.1045L24.3115 11.1055C21.1659 14.8012 18.8235 17.6314 16.2275 22.3066L15.7051 23.2666L15.7031 23.2695C15.5865 23.4899 15.3545 23.6286 15.1006 23.626L15.0059 23.6191C14.8213 23.5912 14.6576 23.4878 14.5527 23.3359L14.5049 23.2559C13.6001 21.4343 12.5404 19.6944 11.3369 18.0547L10.8125 17.3574L10.8105 17.3555L10.7412 17.2471C10.6258 17.0218 10.6457 16.7498 10.793 16.543L10.877 16.4453C11.0996 16.2316 11.4333 16.1939 11.6953 16.3389L11.8027 16.4121C12.7645 17.2105 13.6813 18.0617 14.5488 18.9609L15.0693 19.5L15.5439 18.9209L15.5459 18.918C15.5477 18.9158 15.551 18.9127 15.5547 18.9082C15.5625 18.8988 15.575 18.8842 15.5908 18.8652C15.6225 18.8273 15.6701 18.7707 15.7324 18.6973C15.8572 18.5502 16.0412 18.3355 16.2764 18.0693C16.7469 17.5368 17.4209 16.7974 18.2324 15.9717C19.7606 14.4167 21.7525 12.5805 23.7803 11.2383L24.1865 10.9766L24.1904 10.9746C24.2198 10.9559 24.2561 10.9555 24.2852 10.9707Z\" fill=\"#F5D700\" stroke=\"#F5D700\" stroke-width=\"1.33333\"><\/path><\/svg>\t\t\t\t<\/span>\n\t\t\t<\/div>\n\t\t\t\n\t\t\t\t\t\t<div class=\"elementor-icon-box-content\">\n\n\t\t\t\t\t\t\t\t\t<h3 class=\"elementor-icon-box-title\">\n\t\t\t\t\t\t<span>\n\t\t\t\t\t\t\tHaben Sie R&uuml;ckfragen?\t\t\t\t\t\t<\/span>\n\t\t\t\t\t<\/h3>\n\t\t\t\t\n\t\t\t\t\n\t\t\t<\/div>\n\t\t\t\n\t\t<\/div>\n\t\t\t\t\t\t<\/div>\n\t\t\t\t<\/div>\n\t\t\t\t<div class=\"elementor-element elementor-element-a743341 elementor-widget elementor-widget-heading\" data-id=\"a743341\" data-element_type=\"widget\" data-e-type=\"widget\" data-widget_type=\"heading.default\">\n\t\t\t\t<div class=\"elementor-widget-container\">\n\t\t\t\t\t<h2 class=\"elementor-heading-title elementor-size-default\">Bereit f&uuml;r eine L&ouml;sung, die h&auml;lt?<\/h2>\t\t\t\t<\/div>\n\t\t\t\t<\/div>\n\t\t\t\t<div class=\"elementor-element elementor-element-bb0f87a elementor-widget__width-inherit elementor-widget elementor-widget-text-editor\" data-id=\"bb0f87a\" data-element_type=\"widget\" data-e-type=\"widget\" data-widget_type=\"text-editor.default\">\n\t\t\t\t<div class=\"elementor-widget-container\">\n\t\t\t\t\t\t\t\t\t<p>Kontaktieren Sie uns noch heute und lassen Sie uns gemeinsam die perfekte L&ouml;sung f&uuml;r Ihre Anforderungen finden. Haben Sie eine spezielle Anfrage? Wir sind bereit!<\/p>\t\t\t\t\t\t\t\t<\/div>\n\t\t\t\t<\/div>\n\t\t\t\t<div class=\"elementor-element elementor-element-45d56ca elementor-align-left main-button elementor-mobile-align-justify elementor-widget-mobile__width-inherit elementor-widget elementor-widget-button\" data-id=\"45d56ca\" data-element_type=\"widget\" data-e-type=\"widget\" data-widget_type=\"button.default\">\n\t\t\t\t<div class=\"elementor-widget-container\">\n\t\t\t\t\t\t\t\t\t<div class=\"elementor-button-wrapper\">\n\t\t\t\t\t<a class=\"elementor-button elementor-button-link elementor-size-sm elementor-animation-grow\" href=\"https:\/\/becker-dichtung.de\/nl\/kontakt\/\">\n\t\t\t\t\t\t<span class=\"elementor-button-content-wrapper\">\n\t\t\t\t\t\t<span class=\"elementor-button-icon\">\n\t\t\t\t<svg xmlns=\"http:\/\/www.w3.org\/2000\/svg\" width=\"20\" height=\"16\" viewbox=\"0 0 20 16\" fill=\"none\"><path d=\"M19.7071 8.70711C20.0976 8.31658 20.0976 7.68342 19.7071 7.29289L13.3431 0.928932C12.9526 0.538408 12.3195 0.538408 11.9289 0.928932C11.5384 1.31946 11.5384 1.95262 11.9289 2.34315L17.5858 8L11.9289 13.6569C11.5384 14.0474 11.5384 14.6805 11.9289 15.0711C12.3195 15.4616 12.9526 15.4616 13.3431 15.0711L19.7071 8.70711ZM0 8V9H19V8V7H0V8Z\" fill=\"white\"><\/path><\/svg>\t\t\t<\/span>\n\t\t\t\t\t\t\t\t\t<span class=\"elementor-button-text\">Kontaktieren sie uns<\/span>\n\t\t\t\t\t<\/span>\n\t\t\t\t\t<\/a>\n\t\t\t\t<\/div>\n\t\t\t\t\t\t\t\t<\/div>\n\t\t\t\t<\/div>\n\t\t\t\t<\/div>\n\t\t\t\t<div class=\"elementor-element elementor-element-db0c883 elementor-widget__width-initial elementor-invisible elementor-widget elementor-widget-image\" data-id=\"db0c883\" data-element_type=\"widget\" data-e-type=\"widget\" data-settings='{\"_animation\":\"fadeInRight\"}' data-widget_type=\"image.default\">\n\t\t\t\t<div class=\"elementor-widget-container\">\n\t\t\t\t\t\t\t\t\t\t\t\t\t\t\t<img loading=\"lazy\" decoding=\"async\" width=\"800\" height=\"508\" src=\"https:\/\/becker-dichtung.de\/wp-content\/uploads\/2025\/06\/Sauberraum-2-1024x650.png\" class=\"attachment-large size-large wp-image-1045\" alt=\"A person in protective gear examines a large round object under bright purple lighting.\" srcset=\"https:\/\/becker-dichtung.de\/wp-content\/uploads\/2025\/06\/Sauberraum-2-1024x650.png 1024w, https:\/\/becker-dichtung.de\/wp-content\/uploads\/2025\/06\/Sauberraum-2-300x190.png 300w, https:\/\/becker-dichtung.de\/wp-content\/uploads\/2025\/06\/Sauberraum-2-768x488.png 768w, https:\/\/becker-dichtung.de\/wp-content\/uploads\/2025\/06\/Sauberraum-2.png 1375w\" sizes=\"(max-width: 800px) 100vw, 800px\">\t\t\t\t\t\t\t\t\t\t\t\t\t\t\t<\/div>\n\t\t\t\t<\/div>\n\t\t\t\t\t<\/div>\n\t\t\t\t<\/div>\n\t\t\t\t<\/div><\/main>","protected":false},"excerpt":{"rendered":"<p>Technische Reinigung durch Sauberraum Bei der Herstellung von Dichtungen entstehen h\u00e4ufig kleinste Verunreinigungen durch Abrasionen w\u00e4hrend des Verarbeitungsprozesses, sowie durch Luft- und Umgebungseinfl\u00fcssen. Bei spezifischen Anforderungen an das Endprodukt ist jedoch eine hohe Sauberkeit an der Produktqualit\u00e4t ausschlaggebend. Schon kleinste Verunreinigungen k\u00f6nnen zu Sch\u00e4den an den Erzeugnissen und zu einem hohen Ausschuss f\u00fchren. Um dieses [&hellip;]<\/p>\n","protected":false},"author":1,"featured_media":0,"parent":0,"menu_order":0,"comment_status":"closed","ping_status":"closed","template":"elementor_header_footer","meta":{"_acf_changed":false,"footnotes":""},"class_list":["post-1750","page","type-page","status-publish","hentry"],"acf":[],"_links":{"self":[{"href":"https:\/\/becker-dichtung.de\/nl\/wp-json\/wp\/v2\/pages\/1750","targetHints":{"allow":["GET"]}}],"collection":[{"href":"https:\/\/becker-dichtung.de\/nl\/wp-json\/wp\/v2\/pages"}],"about":[{"href":"https:\/\/becker-dichtung.de\/nl\/wp-json\/wp\/v2\/types\/page"}],"author":[{"embeddable":true,"href":"https:\/\/becker-dichtung.de\/nl\/wp-json\/wp\/v2\/users\/1"}],"replies":[{"embeddable":true,"href":"https:\/\/becker-dichtung.de\/nl\/wp-json\/wp\/v2\/comments?post=1750"}],"version-history":[{"count":26,"href":"https:\/\/becker-dichtung.de\/nl\/wp-json\/wp\/v2\/pages\/1750\/revisions"}],"predecessor-version":[{"id":2845,"href":"https:\/\/becker-dichtung.de\/nl\/wp-json\/wp\/v2\/pages\/1750\/revisions\/2845"}],"wp:attachment":[{"href":"https:\/\/becker-dichtung.de\/nl\/wp-json\/wp\/v2\/media?parent=1750"}],"curies":[{"name":"wp","href":"https:\/\/api.w.org\/{rel}","templated":true}]}}